{"id":813,"date":"2023-03-01T14:22:24","date_gmt":"2023-03-01T14:22:24","guid":{"rendered":"https:\/\/new.baiadelsolehotel.it\/?page_id=813"},"modified":"2023-04-05T07:36:15","modified_gmt":"2023-04-05T07:36:15","slug":"noto","status":"publish","type":"page","link":"https:\/\/baiadelsolevillaggio.it\/en\/noto\/","title":{"rendered":"Noto"},"content":{"rendered":"<div data-elementor-type=\"wp-page\" data-elementor-id=\"813\" class=\"elementor elementor-813\" data-elementor-post-type=\"page\">\n\t\t\t\t\t\t<section class=\"elementor-section elementor-top-section elementor-element elementor-element-21fa78ec elementor-section-boxed elementor-section-height-default elementor-section-height-default\" data-id=\"21fa78ec\" data-element_type=\"section\">\n\t\t\t\t\t\t<div class=\"elementor-container elementor-column-gap-no\">\n\t\t\t\t\t<div class=\"elementor-column elementor-col-100 elementor-top-column elementor-element elementor-element-31b0595d\" data-id=\"31b0595d\" data-element_type=\"column\">\n\t\t\t<div class=\"elementor-widget-wrap elementor-element-populated\">\n\t\t\t\t\t\t<div class=\"elementor-element elementor-element-58dd83fc elementor-widget elementor-widget-heading\" data-id=\"58dd83fc\" data-element_type=\"widget\" data-widget_type=\"heading.default\">\n\t\t\t\t<div class=\"elementor-widget-container\">\n\t\t\t<style>\/*! elementor - v3.21.0 - 26-05-2024 *\/\n.elementor-heading-title{padding:0;margin:0;line-height:1}.elementor-widget-heading .elementor-heading-title[class*=elementor-size-]>a{color:inherit;font-size:inherit;line-height:inherit}.elementor-widget-heading .elementor-heading-title.elementor-size-small{font-size:15px}.elementor-widget-heading .elementor-heading-title.elementor-size-medium{font-size:19px}.elementor-widget-heading .elementor-heading-title.elementor-size-large{font-size:29px}.elementor-widget-heading .elementor-heading-title.elementor-size-xl{font-size:39px}.elementor-widget-heading .elementor-heading-title.elementor-size-xxl{font-size:59px}<\/style><h4 class=\"elementor-heading-title elementor-size-default\">Why Ranger?<\/h4>\t\t<\/div>\n\t\t\t\t<\/div>\n\t\t\t\t<section class=\"elementor-section elementor-inner-section elementor-element elementor-element-45e0ff74 elementor-section-boxed elementor-section-height-default elementor-section-height-default\" data-id=\"45e0ff74\" data-element_type=\"section\">\n\t\t\t\t\t\t<div class=\"elementor-container elementor-column-gap-no\">\n\t\t\t\t\t<div class=\"elementor-column elementor-col-100 elementor-inner-column elementor-element elementor-element-41958cf\" data-id=\"41958cf\" data-element_type=\"column\">\n\t\t\t<div class=\"elementor-widget-wrap\">\n\t\t\t\t\t\t\t<\/div>\n\t\t<\/div>\n\t\t\t\t\t<\/div>\n\t\t<\/section>\n\t\t\t\t\t<\/div>\n\t\t<\/div>\n\t\t\t\t\t<\/div>\n\t\t<\/section>\n\t\t\t\t<section class=\"elementor-section elementor-top-section elementor-element elementor-element-787e5fda elementor-section-boxed elementor-section-height-default elementor-section-height-default\" data-id=\"787e5fda\" data-element_type=\"section\" data-settings=\"{&quot;background_background&quot;:&quot;classic&quot;}\">\n\t\t\t\t\t\t\t<div class=\"elementor-background-overlay\"><\/div>\n\t\t\t\t\t\t\t<div class=\"elementor-container elementor-column-gap-no\">\n\t\t\t\t\t<div class=\"elementor-column elementor-col-100 elementor-top-column elementor-element elementor-element-5a16462f\" data-id=\"5a16462f\" data-element_type=\"column\">\n\t\t\t<div class=\"elementor-widget-wrap elementor-element-populated\">\n\t\t\t\t\t\t<div class=\"elementor-element elementor-element-41abb1be elementor-widget-divider--view-line_text elementor-widget-divider--separator-type-pattern elementor-widget-divider--element-align-center elementor-invisible elementor-widget elementor-widget-divider\" data-id=\"41abb1be\" data-element_type=\"widget\" data-settings=\"{&quot;_animation&quot;:&quot;fadeInUp&quot;}\" data-widget_type=\"divider.default\">\n\t\t\t\t<div class=\"elementor-widget-container\">\n\t\t\t<style>\/*! elementor - v3.21.0 - 26-05-2024 *\/\n.elementor-widget-divider{--divider-border-style:none;--divider-border-width:1px;--divider-color:#0c0d0e;--divider-icon-size:20px;--divider-element-spacing:10px;--divider-pattern-height:24px;--divider-pattern-size:20px;--divider-pattern-url:none;--divider-pattern-repeat:repeat-x}.elementor-widget-divider .elementor-divider{display:flex}.elementor-widget-divider .elementor-divider__text{font-size:15px;line-height:1;max-width:95%}.elementor-widget-divider .elementor-divider__element{margin:0 var(--divider-element-spacing);flex-shrink:0}.elementor-widget-divider .elementor-icon{font-size:var(--divider-icon-size)}.elementor-widget-divider .elementor-divider-separator{display:flex;margin:0;direction:ltr}.elementor-widget-divider--view-line_icon .elementor-divider-separator,.elementor-widget-divider--view-line_text .elementor-divider-separator{align-items:center}.elementor-widget-divider--view-line_icon .elementor-divider-separator:after,.elementor-widget-divider--view-line_icon .elementor-divider-separator:before,.elementor-widget-divider--view-line_text .elementor-divider-separator:after,.elementor-widget-divider--view-line_text .elementor-divider-separator:before{display:block;content:\"\";border-block-end:0;flex-grow:1;border-block-start:var(--divider-border-width) var(--divider-border-style) var(--divider-color)}.elementor-widget-divider--element-align-left .elementor-divider .elementor-divider-separator>.elementor-divider__svg:first-of-type{flex-grow:0;flex-shrink:100}.elementor-widget-divider--element-align-left .elementor-divider-separator:before{content:none}.elementor-widget-divider--element-align-left .elementor-divider__element{margin-left:0}.elementor-widget-divider--element-align-right .elementor-divider .elementor-divider-separator>.elementor-divider__svg:last-of-type{flex-grow:0;flex-shrink:100}.elementor-widget-divider--element-align-right .elementor-divider-separator:after{content:none}.elementor-widget-divider--element-align-right .elementor-divider__element{margin-right:0}.elementor-widget-divider--element-align-start .elementor-divider .elementor-divider-separator>.elementor-divider__svg:first-of-type{flex-grow:0;flex-shrink:100}.elementor-widget-divider--element-align-start .elementor-divider-separator:before{content:none}.elementor-widget-divider--element-align-start .elementor-divider__element{margin-inline-start:0}.elementor-widget-divider--element-align-end .elementor-divider .elementor-divider-separator>.elementor-divider__svg:last-of-type{flex-grow:0;flex-shrink:100}.elementor-widget-divider--element-align-end .elementor-divider-separator:after{content:none}.elementor-widget-divider--element-align-end .elementor-divider__element{margin-inline-end:0}.elementor-widget-divider:not(.elementor-widget-divider--view-line_text):not(.elementor-widget-divider--view-line_icon) .elementor-divider-separator{border-block-start:var(--divider-border-width) var(--divider-border-style) var(--divider-color)}.elementor-widget-divider--separator-type-pattern{--divider-border-style:none}.elementor-widget-divider--separator-type-pattern.elementor-widget-divider--view-line .elementor-divider-separator,.elementor-widget-divider--separator-type-pattern:not(.elementor-widget-divider--view-line) .elementor-divider-separator:after,.elementor-widget-divider--separator-type-pattern:not(.elementor-widget-divider--view-line) .elementor-divider-separator:before,.elementor-widget-divider--separator-type-pattern:not([class*=elementor-widget-divider--view]) .elementor-divider-separator{width:100%;min-height:var(--divider-pattern-height);-webkit-mask-size:var(--divider-pattern-size) 100%;mask-size:var(--divider-pattern-size) 100%;-webkit-mask-repeat:var(--divider-pattern-repeat);mask-repeat:var(--divider-pattern-repeat);background-color:var(--divider-color);-webkit-mask-image:var(--divider-pattern-url);mask-image:var(--divider-pattern-url)}.elementor-widget-divider--no-spacing{--divider-pattern-size:auto}.elementor-widget-divider--bg-round{--divider-pattern-repeat:round}.rtl .elementor-widget-divider .elementor-divider__text{direction:rtl}.e-con-inner>.elementor-widget-divider,.e-con>.elementor-widget-divider{width:var(--container-widget-width,100%);--flex-grow:var(--container-widget-flex-grow)}<\/style>\t\t<div class=\"elementor-divider\" style=\"--divider-pattern-url: url(&quot;data:image\/svg+xml,%3Csvg xmlns=&#039;http:\/\/www.w3.org\/2000\/svg&#039; preserveAspectRatio=&#039;none&#039; overflow=&#039;visible&#039; height=&#039;100%&#039; viewBox=&#039;0 0 24 24&#039; fill=&#039;none&#039; stroke=&#039;black&#039; stroke-width=&#039;3&#039; stroke-linecap=&#039;square&#039; stroke-miterlimit=&#039;10&#039;%3E%3Cpath d=&#039;M0,6c6,0,0.9,11.1,6.9,11.1S18,6,24,6&#039;\/%3E%3C\/svg%3E&quot;);\">\n\t\t\t<span class=\"elementor-divider-separator\">\n\t\t\t\t\t\t\t<div class=\"elementor-divider__text elementor-divider__element\">\n\t\t\t\tBAIA DEL SOLE\t\t\t\t<\/div>\n\t\t\t\t\t\t<\/span>\n\t\t<\/div>\n\t\t\t\t<\/div>\n\t\t\t\t<\/div>\n\t\t\t\t<div class=\"elementor-element elementor-element-418cc116 elementor-icon-list--layout-inline elementor-align-center elementor-list-item-link-inline elementor-invisible elementor-widget elementor-widget-icon-list\" data-id=\"418cc116\" data-element_type=\"widget\" data-settings=\"{&quot;_animation&quot;:&quot;zoomIn&quot;}\" data-widget_type=\"icon-list.default\">\n\t\t\t\t<div class=\"elementor-widget-container\">\n\t\t\t<link rel=\"stylesheet\" href=\"https:\/\/baiadelsolevillaggio.it\/wp-content\/uploads\/elementor\/css\/custom-widget-icon-list.min.css?ver=1717588536\">\t\t<ul class=\"elementor-icon-list-items elementor-inline-items\">\n\t\t\t\t\t\t\t<li class=\"elementor-icon-list-item elementor-inline-item\">\n\t\t\t\t\t\t\t\t\t\t\t<span class=\"elementor-icon-list-icon\">\n\t\t\t\t\t\t\t<i aria-hidden=\"true\" class=\"fas fa-home\"><\/i>\t\t\t\t\t\t<\/span>\n\t\t\t\t\t\t\t\t\t\t<span class=\"elementor-icon-list-text\">Home<\/span>\n\t\t\t\t\t\t\t\t\t<\/li>\n\t\t\t\t\t\t\t\t<li class=\"elementor-icon-list-item elementor-inline-item\">\n\t\t\t\t\t\t\t\t\t\t\t<span class=\"elementor-icon-list-icon\">\n\t\t\t\t\t\t\t<i aria-hidden=\"true\" class=\"fas fa-angle-right\"><\/i>\t\t\t\t\t\t<\/span>\n\t\t\t\t\t\t\t\t\t\t<span class=\"elementor-icon-list-text\"><\/span>\n\t\t\t\t\t\t\t\t\t<\/li>\n\t\t\t\t\t\t<\/ul>\n\t\t\t\t<\/div>\n\t\t\t\t<\/div>\n\t\t\t\t\t<\/div>\n\t\t<\/div>\n\t\t\t\t\t<\/div>\n\t\t<\/section>\n\t\t\t\t<section class=\"elementor-section elementor-top-section elementor-element elementor-element-2767ff8 elementor-section-boxed elementor-section-height-default elementor-section-height-default\" data-id=\"2767ff8\" data-element_type=\"section\">\n\t\t\t\t\t\t<div class=\"elementor-container elementor-column-gap-no\">\n\t\t\t\t\t<div class=\"elementor-column elementor-col-100 elementor-top-column elementor-element elementor-element-27040b2\" data-id=\"27040b2\" data-element_type=\"column\">\n\t\t\t<div class=\"elementor-widget-wrap elementor-element-populated\">\n\t\t\t\t\t\t<section class=\"elementor-section elementor-inner-section elementor-element elementor-element-998c812 elementor-section-full_width elementor-section-height-default elementor-section-height-default\" data-id=\"998c812\" data-element_type=\"section\">\n\t\t\t\t\t\t<div class=\"elementor-container elementor-column-gap-no\">\n\t\t\t\t\t<div class=\"elementor-column elementor-col-50 elementor-inner-column elementor-element elementor-element-d84d02c\" data-id=\"d84d02c\" data-element_type=\"column\">\n\t\t\t<div class=\"elementor-widget-wrap elementor-element-populated\">\n\t\t\t\t\t\t<div class=\"elementor-element elementor-element-732d08d elementor-widget elementor-widget-image\" data-id=\"732d08d\" data-element_type=\"widget\" data-widget_type=\"image.default\">\n\t\t\t\t<div class=\"elementor-widget-container\">\n\t\t\t<style>\/*! elementor - v3.21.0 - 26-05-2024 *\/\n.elementor-widget-image{text-align:center}.elementor-widget-image a{display:inline-block}.elementor-widget-image a img[src$=\".svg\"]{width:48px}.elementor-widget-image img{vertical-align:middle;display:inline-block}<\/style>\t\t\t\t\t\t\t\t\t\t<img fetchpriority=\"high\" decoding=\"async\" width=\"800\" height=\"400\" src=\"https:\/\/baiadelsolevillaggio.it\/wp-content\/uploads\/2023\/02\/baia-del-sole-hotel-itineriai-turistici-noto.jpg\" class=\"attachment-large size-large wp-image-386\" alt=\"\" srcset=\"https:\/\/baiadelsolevillaggio.it\/wp-content\/uploads\/2023\/02\/baia-del-sole-hotel-itineriai-turistici-noto.jpg 800w, https:\/\/baiadelsolevillaggio.it\/wp-content\/uploads\/2023\/02\/baia-del-sole-hotel-itineriai-turistici-noto-300x150.jpg 300w, https:\/\/baiadelsolevillaggio.it\/wp-content\/uploads\/2023\/02\/baia-del-sole-hotel-itineriai-turistici-noto-768x384.jpg 768w, https:\/\/baiadelsolevillaggio.it\/wp-content\/uploads\/2023\/02\/baia-del-sole-hotel-itineriai-turistici-noto-18x9.jpg 18w\" sizes=\"(max-width: 800px) 100vw, 800px\" \/>\t\t\t\t\t\t\t\t\t\t\t\t\t<\/div>\n\t\t\t\t<\/div>\n\t\t\t\t\t<\/div>\n\t\t<\/div>\n\t\t\t\t<div class=\"elementor-column elementor-col-50 elementor-inner-column elementor-element elementor-element-34073bd\" data-id=\"34073bd\" data-element_type=\"column\">\n\t\t\t<div class=\"elementor-widget-wrap elementor-element-populated\">\n\t\t\t\t\t\t<div class=\"elementor-element elementor-element-3364353 elementor-widget elementor-widget-text-editor\" data-id=\"3364353\" data-element_type=\"widget\" data-widget_type=\"text-editor.default\">\n\t\t\t\t<div class=\"elementor-widget-container\">\n\t\t\t<style>\/*! elementor - v3.21.0 - 26-05-2024 *\/\n.elementor-widget-text-editor.elementor-drop-cap-view-stacked .elementor-drop-cap{background-color:#69727d;color:#fff}.elementor-widget-text-editor.elementor-drop-cap-view-framed .elementor-drop-cap{color:#69727d;border:3px solid;background-color:transparent}.elementor-widget-text-editor:not(.elementor-drop-cap-view-default) .elementor-drop-cap{margin-top:8px}.elementor-widget-text-editor:not(.elementor-drop-cap-view-default) .elementor-drop-cap-letter{width:1em;height:1em}.elementor-widget-text-editor .elementor-drop-cap{float:left;text-align:center;line-height:1;font-size:50px}.elementor-widget-text-editor .elementor-drop-cap-letter{display:inline-block}<\/style>\t\t\t\t<p>Noto, a city of art full of charm that has earned the nickname \"stone Garden\" as well as that of the Sicilian capital of the Baroque.<\/p><p>Just in 2002 it was nominated by UNESCO as a World Heritage Site together with all the Baroque cities of the Val di Noto. Starting from Porta Reale, you will walk along the main street, Corso Vittorio Emanuele, where on both sides you can admire Baroque churches and palaces, then passing through the jewel of the Baroque excellence: the Cathedral.<\/p><p>We will go up Via Nicolaci, passing through the homonymous Palace, the ancient noble residence of the Nicolaci family of Villadorata characterized by a sequence of baroque balconies that amaze every single passer-by.<\/p>\t\t\t\t\t\t<\/div>\n\t\t\t\t<\/div>\n\t\t\t\t\t<\/div>\n\t\t<\/div>\n\t\t\t\t\t<\/div>\n\t\t<\/section>\n\t\t\t\t\t<\/div>\n\t\t<\/div>\n\t\t\t\t\t<\/div>\n\t\t<\/section>\n\t\t\t\t<\/div>","protected":false},"excerpt":{"rendered":"<p>Why Ranger? BAIA DEL SOLE Home Noto, citt\u00e0 d\u2019arte ricca di fascino che si \u00e8 guadagnata l\u2019appellativo di \u201cGiardino di pietra\u201d nonch\u00e9 quello di capitale siciliana del barocco. Proprio nel 2002 \u00e8 stata nominata dall\u2019 Unesco come Patrimonio dell\u2019Umanit\u00e0 insieme a tutte le citt\u00e0 barocche della Val di Noto. Partendo da Porta Reale, si passegger\u00e0 [&hellip;]<\/p>","protected":false},"author":1,"featured_media":0,"parent":0,"menu_order":0,"comment_status":"closed","ping_status":"closed","template":"elementor_header_footer","meta":{"footnotes":""},"class_list":["post-813","page","type-page","status-publish","hentry"],"yoast_head":"<!-- This site is optimized with the Yoast SEO plugin v27.0 - https:\/\/yoast.com\/product\/yoast-seo-wordpress\/ -->\n<title>Noto - Baia Del Sole - Villaggio sul mare a Marina di Ragusa<\/title>\n<meta name=\"robots\" content=\"index, follow, max-snippet:-1, max-image-preview:large, max-video-preview:-1\" \/>\n<link rel=\"canonical\" href=\"https:\/\/baiadelsolevillaggio.it\/en\/noto\/\" \/>\n<meta property=\"og:locale\" content=\"en_GB\" \/>\n<meta property=\"og:type\" content=\"article\" \/>\n<meta property=\"og:title\" content=\"Noto - Baia Del Sole - Villaggio sul mare a Marina di Ragusa\" \/>\n<meta property=\"og:description\" content=\"Why Ranger? BAIA DEL SOLE Home Noto, citt\u00e0 d\u2019arte ricca di fascino che si \u00e8 guadagnata l\u2019appellativo di \u201cGiardino di pietra\u201d nonch\u00e9 quello di capitale siciliana del barocco. Proprio nel 2002 \u00e8 stata nominata dall\u2019 Unesco come Patrimonio dell\u2019Umanit\u00e0 insieme a tutte le citt\u00e0 barocche della Val di Noto. Partendo da Porta Reale, si passegger\u00e0 [&hellip;]\" \/>\n<meta property=\"og:url\" content=\"https:\/\/baiadelsolevillaggio.it\/en\/noto\/\" \/>\n<meta property=\"og:site_name\" content=\"Baia Del Sole - Villaggio sul mare a Marina di Ragusa\" \/>\n<meta property=\"article:modified_time\" content=\"2023-04-05T07:36:15+00:00\" \/>\n<meta property=\"og:image\" content=\"https:\/\/baiadelsolevillaggio.it\/wp-content\/uploads\/2023\/02\/baia-del-sole-hotel-itineriai-turistici-noto.jpg\" \/>\n\t<meta property=\"og:image:width\" content=\"800\" \/>\n\t<meta property=\"og:image:height\" content=\"400\" \/>\n\t<meta property=\"og:image:type\" content=\"image\/jpeg\" \/>\n<meta name=\"twitter:card\" content=\"summary_large_image\" \/>\n<meta name=\"twitter:label1\" content=\"Estimated reading time\" \/>\n\t<meta name=\"twitter:data1\" content=\"1 minute\" \/>\n<script type=\"application\/ld+json\" class=\"yoast-schema-graph\">{\"@context\":\"https:\/\/schema.org\",\"@graph\":[{\"@type\":\"WebPage\",\"@id\":\"https:\/\/baiadelsolevillaggio.it\/noto\/\",\"url\":\"https:\/\/baiadelsolevillaggio.it\/noto\/\",\"name\":\"Noto - Baia Del Sole - Villaggio sul mare a Marina di Ragusa\",\"isPartOf\":{\"@id\":\"https:\/\/baiadelsolevillaggio.it\/#website\"},\"primaryImageOfPage\":{\"@id\":\"https:\/\/baiadelsolevillaggio.it\/noto\/#primaryimage\"},\"image\":{\"@id\":\"https:\/\/baiadelsolevillaggio.it\/noto\/#primaryimage\"},\"thumbnailUrl\":\"https:\/\/baiadelsolevillaggio.it\/wp-content\/uploads\/2023\/02\/baia-del-sole-hotel-itineriai-turistici-noto.jpg\",\"datePublished\":\"2023-03-01T14:22:24+00:00\",\"dateModified\":\"2023-04-05T07:36:15+00:00\",\"breadcrumb\":{\"@id\":\"https:\/\/baiadelsolevillaggio.it\/noto\/#breadcrumb\"},\"inLanguage\":\"en-GB\",\"potentialAction\":[{\"@type\":\"ReadAction\",\"target\":[\"https:\/\/baiadelsolevillaggio.it\/noto\/\"]}]},{\"@type\":\"ImageObject\",\"inLanguage\":\"en-GB\",\"@id\":\"https:\/\/baiadelsolevillaggio.it\/noto\/#primaryimage\",\"url\":\"https:\/\/baiadelsolevillaggio.it\/wp-content\/uploads\/2023\/02\/baia-del-sole-hotel-itineriai-turistici-noto.jpg\",\"contentUrl\":\"https:\/\/baiadelsolevillaggio.it\/wp-content\/uploads\/2023\/02\/baia-del-sole-hotel-itineriai-turistici-noto.jpg\"},{\"@type\":\"BreadcrumbList\",\"@id\":\"https:\/\/baiadelsolevillaggio.it\/noto\/#breadcrumb\",\"itemListElement\":[{\"@type\":\"ListItem\",\"position\":1,\"name\":\"Home\",\"item\":\"https:\/\/baiadelsolevillaggio.it\/\"},{\"@type\":\"ListItem\",\"position\":2,\"name\":\"Noto\"}]},{\"@type\":\"WebSite\",\"@id\":\"https:\/\/baiadelsolevillaggio.it\/#website\",\"url\":\"https:\/\/baiadelsolevillaggio.it\/\",\"name\":\"Baia Del Sole - Villaggio sul mare a Marina di Ragusa\",\"description\":\"\",\"publisher\":{\"@id\":\"https:\/\/baiadelsolevillaggio.it\/#organization\"},\"potentialAction\":[{\"@type\":\"SearchAction\",\"target\":{\"@type\":\"EntryPoint\",\"urlTemplate\":\"https:\/\/baiadelsolevillaggio.it\/?s={search_term_string}\"},\"query-input\":{\"@type\":\"PropertyValueSpecification\",\"valueRequired\":true,\"valueName\":\"search_term_string\"}}],\"inLanguage\":\"en-GB\"},{\"@type\":\"Organization\",\"@id\":\"https:\/\/baiadelsolevillaggio.it\/#organization\",\"name\":\"Baia Del Sole - Villaggio sul mare a Marina di Ragusa\",\"url\":\"https:\/\/baiadelsolevillaggio.it\/\",\"logo\":{\"@type\":\"ImageObject\",\"inLanguage\":\"en-GB\",\"@id\":\"https:\/\/baiadelsolevillaggio.it\/#\/schema\/logo\/image\/\",\"url\":\"https:\/\/baiadelsolevillaggio.it\/wp-content\/uploads\/2023\/01\/logo-baia-del-sole-hotel-sul-mare-marina-di-ragusa.png\",\"contentUrl\":\"https:\/\/baiadelsolevillaggio.it\/wp-content\/uploads\/2023\/01\/logo-baia-del-sole-hotel-sul-mare-marina-di-ragusa.png\",\"width\":350,\"height\":80,\"caption\":\"Baia Del Sole - Villaggio sul mare a Marina di Ragusa\"},\"image\":{\"@id\":\"https:\/\/baiadelsolevillaggio.it\/#\/schema\/logo\/image\/\"}}]}<\/script>\n<!-- \/ Yoast SEO plugin. -->","yoast_head_json":{"title":"Noto - Baia Del Sole - Villaggio sul mare a Marina di Ragusa","robots":{"index":"index","follow":"follow","max-snippet":"max-snippet:-1","max-image-preview":"max-image-preview:large","max-video-preview":"max-video-preview:-1"},"canonical":"https:\/\/baiadelsolevillaggio.it\/en\/noto\/","og_locale":"en_GB","og_type":"article","og_title":"Noto - Baia Del Sole - Villaggio sul mare a Marina di Ragusa","og_description":"Why Ranger? BAIA DEL SOLE Home Noto, citt\u00e0 d\u2019arte ricca di fascino che si \u00e8 guadagnata l\u2019appellativo di \u201cGiardino di pietra\u201d nonch\u00e9 quello di capitale siciliana del barocco. Proprio nel 2002 \u00e8 stata nominata dall\u2019 Unesco come Patrimonio dell\u2019Umanit\u00e0 insieme a tutte le citt\u00e0 barocche della Val di Noto. Partendo da Porta Reale, si passegger\u00e0 [&hellip;]","og_url":"https:\/\/baiadelsolevillaggio.it\/en\/noto\/","og_site_name":"Baia Del Sole - Villaggio sul mare a Marina di Ragusa","article_modified_time":"2023-04-05T07:36:15+00:00","og_image":[{"width":800,"height":400,"url":"https:\/\/baiadelsolevillaggio.it\/wp-content\/uploads\/2023\/02\/baia-del-sole-hotel-itineriai-turistici-noto.jpg","type":"image\/jpeg"}],"twitter_card":"summary_large_image","twitter_misc":{"Estimated reading time":"1 minute"},"schema":{"@context":"https:\/\/schema.org","@graph":[{"@type":"WebPage","@id":"https:\/\/baiadelsolevillaggio.it\/noto\/","url":"https:\/\/baiadelsolevillaggio.it\/noto\/","name":"Noto - Baia Del Sole - Villaggio sul mare a Marina di Ragusa","isPartOf":{"@id":"https:\/\/baiadelsolevillaggio.it\/#website"},"primaryImageOfPage":{"@id":"https:\/\/baiadelsolevillaggio.it\/noto\/#primaryimage"},"image":{"@id":"https:\/\/baiadelsolevillaggio.it\/noto\/#primaryimage"},"thumbnailUrl":"https:\/\/baiadelsolevillaggio.it\/wp-content\/uploads\/2023\/02\/baia-del-sole-hotel-itineriai-turistici-noto.jpg","datePublished":"2023-03-01T14:22:24+00:00","dateModified":"2023-04-05T07:36:15+00:00","breadcrumb":{"@id":"https:\/\/baiadelsolevillaggio.it\/noto\/#breadcrumb"},"inLanguage":"en-GB","potentialAction":[{"@type":"ReadAction","target":["https:\/\/baiadelsolevillaggio.it\/noto\/"]}]},{"@type":"ImageObject","inLanguage":"en-GB","@id":"https:\/\/baiadelsolevillaggio.it\/noto\/#primaryimage","url":"https:\/\/baiadelsolevillaggio.it\/wp-content\/uploads\/2023\/02\/baia-del-sole-hotel-itineriai-turistici-noto.jpg","contentUrl":"https:\/\/baiadelsolevillaggio.it\/wp-content\/uploads\/2023\/02\/baia-del-sole-hotel-itineriai-turistici-noto.jpg"},{"@type":"BreadcrumbList","@id":"https:\/\/baiadelsolevillaggio.it\/noto\/#breadcrumb","itemListElement":[{"@type":"ListItem","position":1,"name":"Home","item":"https:\/\/baiadelsolevillaggio.it\/"},{"@type":"ListItem","position":2,"name":"Noto"}]},{"@type":"WebSite","@id":"https:\/\/baiadelsolevillaggio.it\/#website","url":"https:\/\/baiadelsolevillaggio.it\/","name":"Baia Del Sole - Villaggio sul mare a Marina di Ragusa","description":"","publisher":{"@id":"https:\/\/baiadelsolevillaggio.it\/#organization"},"potentialAction":[{"@type":"SearchAction","target":{"@type":"EntryPoint","urlTemplate":"https:\/\/baiadelsolevillaggio.it\/?s={search_term_string}"},"query-input":{"@type":"PropertyValueSpecification","valueRequired":true,"valueName":"search_term_string"}}],"inLanguage":"en-GB"},{"@type":"Organization","@id":"https:\/\/baiadelsolevillaggio.it\/#organization","name":"Baia Del Sole - Villaggio sul mare a Marina di Ragusa","url":"https:\/\/baiadelsolevillaggio.it\/","logo":{"@type":"ImageObject","inLanguage":"en-GB","@id":"https:\/\/baiadelsolevillaggio.it\/#\/schema\/logo\/image\/","url":"https:\/\/baiadelsolevillaggio.it\/wp-content\/uploads\/2023\/01\/logo-baia-del-sole-hotel-sul-mare-marina-di-ragusa.png","contentUrl":"https:\/\/baiadelsolevillaggio.it\/wp-content\/uploads\/2023\/01\/logo-baia-del-sole-hotel-sul-mare-marina-di-ragusa.png","width":350,"height":80,"caption":"Baia Del Sole - Villaggio sul mare a Marina di Ragusa"},"image":{"@id":"https:\/\/baiadelsolevillaggio.it\/#\/schema\/logo\/image\/"}}]}},"_links":{"self":[{"href":"https:\/\/baiadelsolevillaggio.it\/en\/wp-json\/wp\/v2\/pages\/813","targetHints":{"allow":["GET"]}}],"collection":[{"href":"https:\/\/baiadelsolevillaggio.it\/en\/wp-json\/wp\/v2\/pages"}],"about":[{"href":"https:\/\/baiadelsolevillaggio.it\/en\/wp-json\/wp\/v2\/types\/page"}],"author":[{"embeddable":true,"href":"https:\/\/baiadelsolevillaggio.it\/en\/wp-json\/wp\/v2\/users\/1"}],"replies":[{"embeddable":true,"href":"https:\/\/baiadelsolevillaggio.it\/en\/wp-json\/wp\/v2\/comments?post=813"}],"version-history":[{"count":7,"href":"https:\/\/baiadelsolevillaggio.it\/en\/wp-json\/wp\/v2\/pages\/813\/revisions"}],"predecessor-version":[{"id":1038,"href":"https:\/\/baiadelsolevillaggio.it\/en\/wp-json\/wp\/v2\/pages\/813\/revisions\/1038"}],"wp:attachment":[{"href":"https:\/\/baiadelsolevillaggio.it\/en\/wp-json\/wp\/v2\/media?parent=813"}],"curies":[{"name":"wp","href":"https:\/\/api.w.org\/{rel}","templated":true}]}}